{"id":2533,"date":"2026-03-02T16:06:44","date_gmt":"2026-03-02T16:06:44","guid":{"rendered":"https:\/\/agenciavirtus.com\/?page_id=2533"},"modified":"2026-03-09T22:15:06","modified_gmt":"2026-03-09T22:15:06","slug":"sobre-nosotros","status":"publish","type":"page","link":"https:\/\/agenciavirtus.com\/fr\/sobre-nosotros\/","title":{"rendered":"Sobre Nosotros"},"content":{"rendered":"\t\t<div data-elementor-type=\"wp-page\" data-elementor-id=\"2533\" class=\"elementor elementor-2533\" data-elementor-post-type=\"page\">\n\t\t\t\t<div class=\"elementor-element elementor-element-179b8c3 e-flex e-con-boxed e-con e-parent\" data-id=\"179b8c3\" data-element_type=\"container\" data-e-type=\"container\" data-settings=\"{&quot;background_background&quot;:&quot;classic&quot;}\">\n\t\t\t\t\t<div class=\"e-con-inner\">\n\t\t\t\t<div class=\"elementor-element elementor-element-33810b5 elementor-widget elementor-widget-heading\" data-id=\"33810b5\" data-element_type=\"widget\" data-e-type=\"widget\" data-widget_type=\"heading.default\">\n\t\t\t\t<div class=\"elementor-widget-container\">\n\t\t\t\t\t<h2 class=\"elementor-heading-title elementor-size-default\">VIRTUS MARKETING<\/h2>\t\t\t\t<\/div>\n\t\t\t\t<\/div>\n\t\t\t\t<div class=\"elementor-element elementor-element-19d5763 elementor-widget elementor-widget-text-editor\" data-id=\"19d5763\" data-element_type=\"widget\" data-e-type=\"widget\" data-widget_type=\"text-editor.default\">\n\t\t\t\t<div class=\"elementor-widget-container\">\n\t\t\t\t\t\t\t\t\t<p data-start=\"529\" data-end=\"584\"><strong data-start=\"529\" data-end=\"582\">Construimos la estructura detr\u00e1s del crecimiento.<\/strong><\/p>\t\t\t\t\t\t\t\t<\/div>\n\t\t\t\t<\/div>\n\t\t\t\t\t<\/div>\n\t\t\t\t<\/div>\n\t\t<div class=\"elementor-element elementor-element-d277134 e-flex e-con-boxed e-con e-parent\" data-id=\"d277134\" data-element_type=\"container\" data-e-type=\"container\">\n\t\t\t\t\t<div class=\"e-con-inner\">\n\t\t\t\t<div class=\"elementor-element elementor-element-90f9fe4 elementor-widget elementor-widget-text-editor\" data-id=\"90f9fe4\" data-element_type=\"widget\" data-e-type=\"widget\" data-widget_type=\"text-editor.default\">\n\t\t\t\t<div class=\"elementor-widget-container\">\n\t\t\t\t\t\t\t\t\t<p data-start=\"190\" data-end=\"591\">No creemos en publicar contenido sin direcci\u00f3n, ni en producir videos solo para generar visualizaciones. Tampoco creemos en campa\u00f1as aisladas, sin estructura ni objetivos claros. Creemos en construir sistemas estrat\u00e9gicos, donde cada acci\u00f3n tenga un prop\u00f3sito y cada canal cumpla una funci\u00f3n dentro del crecimiento del negocio.<\/p><p data-start=\"593\" data-end=\"870\">Dise\u00f1amos sistemas capaces de transformar la atenci\u00f3n en oportunidades reales, el tr\u00e1fico en clientes y el marketing en facturaci\u00f3n. Porque una pieza creativa puede gustar y generar interacci\u00f3n, pero es el sistema detr\u00e1s el que convierte y sostiene los resultados en el tiempo.<\/p><p data-start=\"872\" data-end=\"1220\">Una web puede verse atractiva, pero sin una estructura clara solo cumple un rol est\u00e9tico. Un embudo bien dise\u00f1ado, en cambio, ordena el crecimiento, gu\u00eda al usuario en su recorrido y convierte el inter\u00e9s en decisiones concretas. No trabajamos para acumular likes ni m\u00e9tricas vac\u00edas, sino para generar resultados medibles que impacten en el negocio.<\/p><p data-start=\"1222\" data-end=\"1547\">Para nosotros, la estrategia va antes que la ejecuci\u00f3n, el proceso antes que la improvisaci\u00f3n y los resultados antes que la exposici\u00f3n. Si un negocio quiere crecer de forma sostenida, no necesita m\u00e1s contenido sin rumbo. Necesita estructura, direcci\u00f3n y un sistema que convierta cada acci\u00f3n en una oportunidad de crecimiento.<\/p>\t\t\t\t\t\t\t\t<\/div>\n\t\t\t\t<\/div>\n\t\t\t\t\t<\/div>\n\t\t\t\t<\/div>\n\t\t<div class=\"elementor-element elementor-element-9ca3f97 e-flex e-con-boxed e-con e-parent\" data-id=\"9ca3f97\" data-element_type=\"container\" data-e-type=\"container\" data-settings=\"{&quot;background_background&quot;:&quot;classic&quot;}\">\n\t\t\t\t\t<div class=\"e-con-inner\">\n\t\t<div class=\"elementor-element elementor-element-dcaea95 e-con-full e-flex e-con e-child\" data-id=\"dcaea95\" data-element_type=\"container\" data-e-type=\"container\">\n\t\t\t\t<div class=\"elementor-element elementor-element-9a1fd8b elementor-widget elementor-widget-elementskit-heading\" data-id=\"9a1fd8b\" data-element_type=\"widget\" data-e-type=\"widget\" data-widget_type=\"elementskit-heading.default\">\n\t\t\t\t<div class=\"elementor-widget-container\">\n\t\t\t\t\t<div class=\"ekit-wid-con\" ><div class=\"ekit-heading elementskit-section-title-wraper text_left   ekit_heading_tablet-text_center   ekit_heading_mobile-text_left\"><h3 class=\"ekit-heading--title elementskit-section-title text_fill\">Hablanos sobre <span><span>tu proyecto <\/span><\/span><\/h3><\/div><\/div>\t\t\t\t<\/div>\n\t\t\t\t<\/div>\n\t\t\t\t<div class=\"elementor-element elementor-element-e807223 elementor-align-left elementor-align--tabletcenter elementor-widget elementor-widget-elementskit-button\" data-id=\"e807223\" data-element_type=\"widget\" data-e-type=\"widget\" data-widget_type=\"elementskit-button.default\">\n\t\t\t\t<div class=\"elementor-widget-container\">\n\t\t\t\t\t<div class=\"ekit-wid-con\" >\t\t<div class=\"ekit-btn-wraper\">\n\t\t\t\t\t\t\t<a href=\"https:\/\/agenciavihttps:\/\/agenciavirtus.com\/contacto\/\" class=\"elementskit-btn  whitespace--normal\" id=\"\">\n\t\t\t\t\tContactanos<i class=\"icon icon-right-arrow\"><\/i>\t\t\t\t<\/a>\n\t\t\t\t\t<\/div>\n        <\/div>\t\t\t\t<\/div>\n\t\t\t\t<\/div>\n\t\t\t\t<\/div>\n\t\t<div class=\"elementor-element elementor-element-80743f7 e-con-full e-flex e-con e-child\" data-id=\"80743f7\" data-element_type=\"container\" data-e-type=\"container\">\n\t\t<div class=\"elementor-element elementor-element-c8873d9 e-con-full e-flex e-con e-child\" data-id=\"c8873d9\" data-element_type=\"container\" data-e-type=\"container\" data-settings=\"{&quot;background_background&quot;:&quot;gradient&quot;}\">\n\t\t\t\t<div class=\"elementor-element elementor-element-426c05e elementor-widget elementor-widget-heading\" data-id=\"426c05e\" data-element_type=\"widget\" data-e-type=\"widget\" data-widget_type=\"heading.default\">\n\t\t\t\t<div class=\"elementor-widget-container\">\n\t\t\t\t\t<h4 class=\"elementor-heading-title elementor-size-default\">Contactanos<\/h4>\t\t\t\t<\/div>\n\t\t\t\t<\/div>\n\t\t\t\t<div class=\"elementor-element elementor-element-1c905fb elementor-align-start elementor-icon-list--layout-traditional elementor-list-item-link-full_width elementor-widget elementor-widget-icon-list\" data-id=\"1c905fb\" data-element_type=\"widget\" data-e-type=\"widget\" data-widget_type=\"icon-list.default\">\n\t\t\t\t<div class=\"elementor-widget-container\">\n\t\t\t\t\t\t\t<ul class=\"elementor-icon-list-items\">\n\t\t\t\t\t\t\t<li class=\"elementor-icon-list-item\">\n\t\t\t\t\t\t\t\t\t\t\t<a href=\"#\">\n\n\t\t\t\t\t\t\t\t\t\t\t<span class=\"elementor-icon-list-text\"><font size=\"5\">\ud83d\udce7<\/font> &nbsp;&nbsp;contacto@agenciavirtus.com<\/span>\n\t\t\t\t\t\t\t\t\t\t\t<\/a>\n\t\t\t\t\t\t\t\t\t<\/li>\n\t\t\t\t\t\t\t\t<li class=\"elementor-icon-list-item\">\n\t\t\t\t\t\t\t\t\t\t\t<a href=\"#\">\n\n\t\t\t\t\t\t\t\t\t\t\t<span class=\"elementor-icon-list-text\"><font size=\"5\">\ud83d\udcac<\/font> &nbsp;&nbsp;   +(598) 91 422 528<\/span>\n\t\t\t\t\t\t\t\t\t\t\t<\/a>\n\t\t\t\t\t\t\t\t\t<\/li>\n\t\t\t\t\t\t<\/ul>\n\t\t\t\t\t\t<\/div>\n\t\t\t\t<\/div>\n\t\t\t\t<div class=\"elementor-element elementor-element-aa2693d elementor-widget elementor-widget-heading\" data-id=\"aa2693d\" data-element_type=\"widget\" data-e-type=\"widget\" data-widget_type=\"heading.default\">\n\t\t\t\t<div class=\"elementor-widget-container\">\n\t\t\t\t\t<h4 class=\"elementor-heading-title elementor-size-default\">Info\n<\/h4>\t\t\t\t<\/div>\n\t\t\t\t<\/div>\n\t\t\t\t<div class=\"elementor-element elementor-element-3e9517e elementor-align-start elementor-icon-list--layout-traditional elementor-list-item-link-full_width elementor-widget elementor-widget-icon-list\" data-id=\"3e9517e\" data-element_type=\"widget\" data-e-type=\"widget\" data-widget_type=\"icon-list.default\">\n\t\t\t\t<div class=\"elementor-widget-container\">\n\t\t\t\t\t\t\t<ul class=\"elementor-icon-list-items\">\n\t\t\t\t\t\t\t<li class=\"elementor-icon-list-item\">\n\t\t\t\t\t\t\t\t\t\t\t<a href=\"https:\/\/agenciavirtus.com\/terminos-y-condiciones\/\">\n\n\t\t\t\t\t\t\t\t\t\t\t<span class=\"elementor-icon-list-text\">Aviso de privacidad<\/span>\n\t\t\t\t\t\t\t\t\t\t\t<\/a>\n\t\t\t\t\t\t\t\t\t<\/li>\n\t\t\t\t\t\t\t\t<li class=\"elementor-icon-list-item\">\n\t\t\t\t\t\t\t\t\t\t\t<a href=\"https:\/\/agenciavirtus.com\/terminos-y-condiciones\/\">\n\n\t\t\t\t\t\t\t\t\t\t\t<span class=\"elementor-icon-list-text\">T\u00e9rminos y condiciones<\/span>\n\t\t\t\t\t\t\t\t\t\t\t<\/a>\n\t\t\t\t\t\t\t\t\t<\/li>\n\t\t\t\t\t\t<\/ul>\n\t\t\t\t\t\t<\/div>\n\t\t\t\t<\/div>\n\t\t\t\t<\/div>\n\t\t<div class=\"elementor-element elementor-element-698bbe4 e-con-full e-flex e-con e-child\" data-id=\"698bbe4\" data-element_type=\"container\" data-e-type=\"container\">\n\t\t\t\t<div class=\"elementor-element elementor-element-0de9a4c elementor-widget elementor-widget-heading\" data-id=\"0de9a4c\" data-element_type=\"widget\" data-e-type=\"widget\" data-widget_type=\"heading.default\">\n\t\t\t\t<div class=\"elementor-widget-container\">\n\t\t\t\t\t<h4 class=\"elementor-heading-title elementor-size-default\">Seguinos<\/h4>\t\t\t\t<\/div>\n\t\t\t\t<\/div>\n\t\t\t\t<div class=\"elementor-element elementor-element-6022f48 elementor-widget elementor-widget-heading\" data-id=\"6022f48\" data-element_type=\"widget\" data-e-type=\"widget\" data-widget_type=\"heading.default\">\n\t\t\t\t<div class=\"elementor-widget-container\">\n\t\t\t\t\t<h2 class=\"elementor-heading-title elementor-size-default\"><a href=\"https:\/\/www.instagram.com\/virtus.marketing\/\" target=\"_blank\" rel=\"noopener\">Instagram<\/a><\/h2>\t\t\t\t<\/div>\n\t\t\t\t<\/div>\n\t\t\t\t<div class=\"elementor-element elementor-element-4acde00 elementor-widget elementor-widget-heading\" data-id=\"4acde00\" data-element_type=\"widget\" data-e-type=\"widget\" data-widget_type=\"heading.default\">\n\t\t\t\t<div class=\"elementor-widget-container\">\n\t\t\t\t\t<h4 class=\"elementor-heading-title elementor-size-default\">Descubre novedades<\/h4>\t\t\t\t<\/div>\n\t\t\t\t<\/div>\n\t\t\t\t<div class=\"elementor-element elementor-element-4455c6b elementor-button-align-stretch elementor-widget elementor-widget-form\" data-id=\"4455c6b\" data-element_type=\"widget\" data-e-type=\"widget\" data-settings=\"{&quot;step_next_label&quot;:&quot;Next&quot;,&quot;step_previous_label&quot;:&quot;Previous&quot;,&quot;button_width&quot;:&quot;20&quot;,&quot;button_width_mobile&quot;:&quot;20&quot;,&quot;step_type&quot;:&quot;number_text&quot;,&quot;step_icon_shape&quot;:&quot;circle&quot;}\" data-widget_type=\"form.default\">\n\t\t\t\t<div class=\"elementor-widget-container\">\n\t\t\t\t\t\t\t<form class=\"elementor-form\" method=\"post\" name=\"New Form\" aria-label=\"New Form\">\n\t\t\t<input type=\"hidden\" name=\"post_id\" value=\"2533\"\/>\n\t\t\t<input type=\"hidden\" name=\"form_id\" value=\"4455c6b\"\/>\n\t\t\t<input type=\"hidden\" name=\"referer_title\" value=\"Sobre Nosotros - agenciavirtus.com\" \/>\n\n\t\t\t\t\t\t\t<input type=\"hidden\" name=\"queried_id\" value=\"2533\"\/>\n\t\t\t\n\t\t\t<div class=\"elementor-form-fields-wrapper elementor-labels-above\">\n\t\t\t\t\t\t\t\t<div class=\"elementor-field-type-email elementor-field-group elementor-column elementor-field-group-email elementor-col-80 elementor-sm-80 elementor-field-required\">\n\t\t\t\t\t\t\t\t\t\t\t\t\t<input size=\"1\" type=\"email\" name=\"form_fields[email]\" id=\"form-field-email\" class=\"elementor-field elementor-size-sm  elementor-field-textual\" placeholder=\"Email \" required=\"required\">\n\t\t\t\t\t\t\t\t\t\t\t<\/div>\n\t\t\t\t\t\t\t\t<div class=\"elementor-field-group elementor-column elementor-field-type-submit elementor-col-20 e-form__buttons elementor-sm-20\">\n\t\t\t\t\t<button class=\"elementor-button elementor-size-sm\" type=\"submit\">\n\t\t\t\t\t\t<span class=\"elementor-button-content-wrapper\">\n\t\t\t\t\t\t\t\t\t\t\t\t\t\t\t<span class=\"elementor-button-icon\">\n\t\t\t\t\t\t\t\t\t<i aria-hidden=\"true\" class=\"icon icon-right-arrow\"><\/i>\t\t\t\t\t\t\t\t\t\t\t\t\t\t\t\t\t\t\t<span class=\"elementor-screen-only\">Submit<\/span>\n\t\t\t\t\t\t\t\t\t\t\t\t\t\t\t\t\t<\/span>\n\t\t\t\t\t\t\t\t\t\t\t\t\t\t\t\t\t\t\t\t<\/span>\n\t\t\t\t\t<\/button>\n\t\t\t\t<\/div>\n\t\t\t<\/div>\n\t\t<\/form>\n\t\t\t\t\t\t<\/div>\n\t\t\t\t<\/div>\n\t\t\t\t<\/div>\n\t\t\t\t<\/div>\n\t\t\t\t\t<\/div>\n\t\t\t\t<\/div>\n\t\t\t\t<\/div>\n\t\t","protected":false},"excerpt":{"rendered":"<p>VIRTUS MARKETING Construimos la estructura detr\u00e1s del crecimiento. No creemos en publicar contenido sin direcci\u00f3n, ni en producir videos solo para generar visualizaciones. Tampoco creemos en campa\u00f1as aisladas, sin estructura ni objetivos claros. Creemos en construir sistemas estrat\u00e9gicos, donde cada acci\u00f3n tenga un prop\u00f3sito y cada canal cumpla una funci\u00f3n dentro del crecimiento del negocio. [&hellip;]<\/p>\n","protected":false},"author":1,"featured_media":0,"parent":0,"menu_order":0,"comment_status":"closed","ping_status":"closed","template":"","meta":{"footnotes":""},"class_list":["post-2533","page","type-page","status-publish","hentry"],"blocksy_meta":[],"_links":{"self":[{"href":"https:\/\/agenciavirtus.com\/fr\/wp-json\/wp\/v2\/pages\/2533","targetHints":{"allow":["GET"]}}],"collection":[{"href":"https:\/\/agenciavirtus.com\/fr\/wp-json\/wp\/v2\/pages"}],"about":[{"href":"https:\/\/agenciavirtus.com\/fr\/wp-json\/wp\/v2\/types\/page"}],"author":[{"embeddable":true,"href":"https:\/\/agenciavirtus.com\/fr\/wp-json\/wp\/v2\/users\/1"}],"replies":[{"embeddable":true,"href":"https:\/\/agenciavirtus.com\/fr\/wp-json\/wp\/v2\/comments?post=2533"}],"version-history":[{"count":8,"href":"https:\/\/agenciavirtus.com\/fr\/wp-json\/wp\/v2\/pages\/2533\/revisions"}],"predecessor-version":[{"id":2639,"href":"https:\/\/agenciavirtus.com\/fr\/wp-json\/wp\/v2\/pages\/2533\/revisions\/2639"}],"wp:attachment":[{"href":"https:\/\/agenciavirtus.com\/fr\/wp-json\/wp\/v2\/media?parent=2533"}],"curies":[{"name":"wp","href":"https:\/\/api.w.org\/{rel}","templated":true}]}}